{"id":522,"date":"2020-10-26T12:24:55","date_gmt":"2020-10-26T12:24:55","guid":{"rendered":"http:\/\/amwerk.bold-themes.com\/berlin\/?page_id=522"},"modified":"2022-11-16T15:26:35","modified_gmt":"2022-11-16T14:26:35","slug":"unsere-loesungen","status":"publish","type":"page","link":"https:\/\/www.brilliant-profitieren.de\/cms\/dienstleistungen\/unsere-loesungen\/","title":{"rendered":"Unsere L\u00f6sungen"},"content":{"rendered":"<section id=\"bt_bb_section69d5c7906a508\"  data-background_image_src=\"'https:\/\/www.brilliant-profitieren.de\/cms\/wp-content\/uploads\/2020\/10\/post_18.jpg'\" class=\"bt_bb_section bt_bb_color_scheme_11 bt_bb_layout_boxed_1200 bt_bb_vertical_align_top btLazyLoadBackground bt_bb_background_image bt_bb_background_overlay_dark_solid bt_bb_top_spacing_extra_large bt_bb_bottom_spacing_large bt-dark-skin\" style=\"background-image:url(&#039;https:\/\/www.brilliant-profitieren.de\/cms\/wp-content\/plugins\/bold-page-builder\/img\/blank.gif&#039;);\" data-bt-override-class=\"null\"><div class=\"bt_bb_port\"><div class=\"bt_bb_cell\"><div class=\"bt_bb_cell_inner\"><div class=\"bt_bb_row_wrapper\"><div  class=\"bt_bb_row bt_bb_column_gap_0\"  data-bt-override-class=\"{}\"><div  class=\"bt_bb_column col-xxl-6 col-xl-6 bt_bb_vertical_align_top bt_bb_align_left bt_bb_padding_normal bt_bb_animation_fade_in bt_bb_animation_zoom_out animate\"  data-width=\"6\" data-bt-override-class=\"{}\"><div class=\"bt_bb_column_content\"><div class=\"bt_bb_column_content_inner\"><header class=\"bt_bb_headline bt_bb_dash_top bt_bb_superheadline bt_bb_subheadline bt_bb_size_large bt_bb_align_inherit\" data-bt-override-class=\"{&quot;bt_bb_size_&quot;:{&quot;current_class&quot;:&quot;bt_bb_size_large&quot;,&quot;xxl&quot;:&quot;large&quot;,&quot;xl&quot;:&quot;large&quot;},&quot;bt_bb_align_&quot;:{&quot;current_class&quot;:&quot;bt_bb_align_inherit&quot;,&quot;xxl&quot;:&quot;inherit&quot;,&quot;xl&quot;:&quot;inherit&quot;}}\"><h1><span class=\"bt_bb_headline_superheadline\"><span>Dienstleistungen<\/span><\/span><span class=\"bt_bb_headline_content\"><span>Engineering-L\u00f6sungen<span class=\"bt_bb_outline_text bt_bb_outline_text_align_left bt_bb_outline_text_size_400\"><span>Solutions<\/span><\/span><\/span><\/span><\/h1><div class=\"bt_bb_headline_subheadline\">Brilliant-Profitieren unterst\u00fctzt Kunden bei jedem Schritt des Herstellungsprozesses. Vom Prototypen bis hin zur Lieferung.<\/div><\/header><div class=\"bt_bb_separator bt_bb_border_style_none bt_bb_bottom_spacing_60\" data-bt-override-class=\"null\"><\/div><\/div><\/div><\/div><div  class=\"bt_bb_column col-xxl-6 col-xl-6 bt_bb_vertical_align_top bt_bb_align_right bt_bb_padding_normal\"  data-width=\"6\" data-bt-override-class=\"{}\"><div class=\"bt_bb_column_content\"><div class=\"bt_bb_column_content_inner\"><\/div><\/div><\/div><\/div><\/div><\/div><\/div><\/div><\/section><section id=\"bt_bb_section69d5c7906a7e2\"  class=\"bt_bb_section bt_bb_layout_boxed_1200 bt_bb_vertical_align_top\" style=\"z-index: 2;\" data-bt-override-class=\"null\"><div class=\"bt_bb_port\"><div class=\"bt_bb_cell\"><div class=\"bt_bb_cell_inner\"><div class=\"bt_bb_row_wrapper\"><div  class=\"bt_bb_row bt_bb_column_gap_10\" style=\"margin-top: -20px; margin-bottom: -40px;\" data-bt-override-class=\"{}\"><div  class=\"bt_bb_column col-xxl-4 col-xl-4 bt_bb_vertical_align_top bt_bb_align_left bt_bb_padding_text_indent bt_bb_animation_fade_in bt_bb_animation_zoom_out animate\" style=\"margin-bottom: 20px;\" data-width=\"4\" data-bt-override-class=\"{}\"><div class=\"bt_bb_column_content\" style=\"background-color:rgba(255, 255, 255, 1);\"><div class=\"bt_bb_column_content_inner\"><div class=\"bt_bb_image bt_bb_shape_square bt_bb_align_inherit bt_bb_hover_style_zoom-in bt_bb_content_display_always bt_bb_content_align_bottom bt_bb_remove_padding_yes bt_bb_fill_background_color_full bt_bb_content_exists\" data-bt-override-class=\"null\"><a href=\"#\"  target=\"_self\"><img src = \"https:\/\/www.brilliant-profitieren.de\/cms\/wp-content\/plugins\/bold-page-builder\/img\/blank.gif\" data-full_image_src=\"https:\/\/www.brilliant-profitieren.de\/cms\/wp-content\/uploads\/2020\/11\/part-01.jpg\" data-image_src=\"https:\/\/www.brilliant-profitieren.de\/cms\/wp-content\/uploads\/2020\/11\/part-01-1280x854.jpg\" alt=\"https:\/\/www.brilliant-profitieren.de\/cms\/wp-content\/uploads\/2020\/11\/part-01-1280x854.jpg\" class=\"btLazyLoadImage\"><\/a><div class=\"bt_bb_image_content\"><div class=\"bt_bb_image_content_flex\"><div class=\"bt_bb_image_content_inner\"><div class=\"bt_bb_icon bt_bb_color_scheme_6 bt_bb_style_filled bt_bb_size_normal bt_bb_shape_square bt_bb_target_self bt_bb_text_empty bt_bb_align_inherit\" style=\"; --primary-color:#ffffff; --secondary-color:#00a0dd;\" data-bt-override-class=\"{}\"><span  data-ico-amwerk=\"&#xe91b;\" class=\"bt_bb_icon_holder\"><\/span><\/div><\/div><\/div><\/div><\/div><div class=\"bt_bb_separator bt_bb_border_style_none bt_bb_bottom_spacing_25\" data-bt-override-class=\"null\"><\/div><header class=\"bt_bb_headline bt_bb_dash_none bt_bb_subheadline bt_bb_size_small bt_bb_align_inherit\" data-bt-override-class=\"{&quot;bt_bb_size_&quot;:{&quot;current_class&quot;:&quot;bt_bb_size_small&quot;,&quot;xxl&quot;:&quot;small&quot;,&quot;xl&quot;:&quot;small&quot;},&quot;bt_bb_align_&quot;:{&quot;current_class&quot;:&quot;bt_bb_align_inherit&quot;,&quot;xxl&quot;:&quot;inherit&quot;,&quot;xl&quot;:&quot;inherit&quot;}}\"><h4><span class=\"bt_bb_headline_content\"><span>Teilefertigung<\/span><\/span><\/h4><div class=\"bt_bb_headline_subheadline\">Koordinieren Sie schnell E-Business-Anwendungen durch revolution\u00e4re Katalysatoren f\u00fcr Ver\u00e4nderungen. Unterbrechen Sie nahtlos optimale Testverfahrensprozesse.<\/div><\/header><div class=\"bt_bb_separator bt_bb_border_style_none bt_bb_bottom_spacing_25\" data-bt-override-class=\"null\"><\/div><\/div><\/div><\/div><div  class=\"bt_bb_column col-xxl-4 col-xl-4 bt_bb_vertical_align_top bt_bb_align_left bt_bb_padding_text_indent bt_bb_animation_fade_in bt_bb_animation_zoom_out animate\" style=\"margin-bottom: 20px;\" data-width=\"4\" data-bt-override-class=\"{}\"><div class=\"bt_bb_column_content\" style=\"background-color:rgba(255, 255, 255, 1);\"><div class=\"bt_bb_column_content_inner\"><div class=\"bt_bb_image bt_bb_shape_square bt_bb_align_inherit bt_bb_hover_style_zoom-in bt_bb_content_display_always bt_bb_content_align_bottom bt_bb_remove_padding_yes bt_bb_fill_background_color_full bt_bb_content_exists\" data-bt-override-class=\"null\"><a href=\"#\"  target=\"_self\"><img src = \"https:\/\/www.brilliant-profitieren.de\/cms\/wp-content\/plugins\/bold-page-builder\/img\/blank.gif\" data-full_image_src=\"https:\/\/www.brilliant-profitieren.de\/cms\/wp-content\/uploads\/2020\/10\/post_08.jpg\" data-image_src=\"https:\/\/www.brilliant-profitieren.de\/cms\/wp-content\/uploads\/2020\/10\/post_08-1280x854.jpg\" alt=\"https:\/\/www.brilliant-profitieren.de\/cms\/wp-content\/uploads\/2020\/10\/post_08-1280x854.jpg\" class=\"btLazyLoadImage\"><\/a><div class=\"bt_bb_image_content\"><div class=\"bt_bb_image_content_flex\"><div class=\"bt_bb_image_content_inner\"><div class=\"bt_bb_icon bt_bb_color_scheme_6 bt_bb_style_filled bt_bb_size_normal bt_bb_shape_square bt_bb_target_self bt_bb_text_empty bt_bb_align_inherit\" style=\"; --primary-color:#ffffff; --secondary-color:#00a0dd;\" data-bt-override-class=\"{}\"><span  data-ico-werkmann=\"&#xe975;\" class=\"bt_bb_icon_holder\"><\/span><\/div><\/div><\/div><\/div><\/div><div class=\"bt_bb_separator bt_bb_border_style_none bt_bb_bottom_spacing_25\" data-bt-override-class=\"null\"><\/div><header class=\"bt_bb_headline bt_bb_dash_none bt_bb_subheadline bt_bb_size_small bt_bb_align_inherit\" data-bt-override-class=\"{&quot;bt_bb_size_&quot;:{&quot;current_class&quot;:&quot;bt_bb_size_small&quot;,&quot;xxl&quot;:&quot;small&quot;,&quot;xl&quot;:&quot;small&quot;},&quot;bt_bb_align_&quot;:{&quot;current_class&quot;:&quot;bt_bb_align_inherit&quot;,&quot;xxl&quot;:&quot;inherit&quot;,&quot;xl&quot;:&quot;inherit&quot;}}\"><h4><span class=\"bt_bb_headline_content\"><span>Pr\u00e4zision & Qualit\u00e4t<\/span><\/span><\/h4><div class=\"bt_bb_headline_subheadline\">Drastische Verbreitung standardisierter Metriken nach Prozessen zur Ressourcennivellierung. Verschiedene Katalysatoren f\u00fcr Ver\u00e4nderungen f\u00fcr interoperable Metadienste objektiv verfolgen.<\/div><\/header><div class=\"bt_bb_separator bt_bb_border_style_none bt_bb_bottom_spacing_25\" data-bt-override-class=\"null\"><\/div><\/div><\/div><\/div><div  class=\"bt_bb_column col-xxl-4 col-xl-4 bt_bb_vertical_align_top bt_bb_align_left bt_bb_padding_text_indent bt_bb_animation_fade_in bt_bb_animation_zoom_out animate\" style=\"margin-bottom: 20px;\" data-width=\"4\" data-bt-override-class=\"{}\"><div class=\"bt_bb_column_content\" style=\"background-color:rgba(255, 255, 255, 1);\"><div class=\"bt_bb_column_content_inner\"><div class=\"bt_bb_image bt_bb_shape_square bt_bb_align_inherit bt_bb_hover_style_zoom-in bt_bb_content_display_always bt_bb_content_align_bottom bt_bb_remove_padding_yes bt_bb_fill_background_color_full bt_bb_content_exists\" data-bt-override-class=\"null\"><a href=\"#\"  target=\"_self\"><img src = \"https:\/\/www.brilliant-profitieren.de\/cms\/wp-content\/plugins\/bold-page-builder\/img\/blank.gif\" data-full_image_src=\"https:\/\/www.brilliant-profitieren.de\/cms\/wp-content\/uploads\/2020\/10\/post_03.jpg\" data-image_src=\"https:\/\/www.brilliant-profitieren.de\/cms\/wp-content\/uploads\/2020\/10\/post_03-1280x854.jpg\" alt=\"https:\/\/www.brilliant-profitieren.de\/cms\/wp-content\/uploads\/2020\/10\/post_03-1280x854.jpg\" class=\"btLazyLoadImage\"><\/a><div class=\"bt_bb_image_content\"><div class=\"bt_bb_image_content_flex\"><div class=\"bt_bb_image_content_inner\"><div class=\"bt_bb_icon bt_bb_color_scheme_6 bt_bb_style_filled bt_bb_size_normal bt_bb_shape_square bt_bb_target_self bt_bb_text_empty bt_bb_align_inherit\" style=\"; --primary-color:#ffffff; --secondary-color:#00a0dd;\" data-bt-override-class=\"{}\"><span  data-ico-amwerk=\"&#xe949;\" class=\"bt_bb_icon_holder\"><\/span><\/div><\/div><\/div><\/div><\/div><div class=\"bt_bb_separator bt_bb_border_style_none bt_bb_bottom_spacing_25\" data-bt-override-class=\"null\"><\/div><header class=\"bt_bb_headline bt_bb_dash_none bt_bb_subheadline bt_bb_size_small bt_bb_align_inherit\" data-bt-override-class=\"{&quot;bt_bb_size_&quot;:{&quot;current_class&quot;:&quot;bt_bb_size_small&quot;,&quot;xxl&quot;:&quot;small&quot;,&quot;xl&quot;:&quot;small&quot;},&quot;bt_bb_align_&quot;:{&quot;current_class&quot;:&quot;bt_bb_align_inherit&quot;,&quot;xxl&quot;:&quot;inherit&quot;,&quot;xl&quot;:&quot;inherit&quot;}}\"><h4><span class=\"bt_bb_headline_content\"><span>Auto- und Flugzeugbau<\/span><\/span><\/h4><div class=\"bt_bb_headline_subheadline\">Engagieren Sie auf dramatische Weise Informationsvermittler mit hohen Auszahlungen, anstatt kundenorientierte Imperative. Initiieren Sie effizient Weltklasse-Anwendungen nach kundenorientierten Infomediaries.<\/div><\/header><div class=\"bt_bb_separator bt_bb_border_style_none bt_bb_bottom_spacing_25\" data-bt-override-class=\"null\"><\/div><\/div><\/div><\/div><\/div><\/div><\/div><\/div><\/div><\/section><section id=\"bt_bb_section69d5c790720c3\"  class=\"bt_bb_section bt_bb_layout_wide bt_bb_vertical_align_top\"  data-bt-override-class=\"null\"><div class=\"bt_bb_port\"><div class=\"bt_bb_cell\"><div class=\"bt_bb_cell_inner\"><div class=\"bt_bb_row_wrapper bt_bb_row_push_right bt_bb_content_wide bt_bb_row_width_boxed_1200\"><div  class=\"bt_bb_row bt_bb_column_gap_0\"  data-bt-override-class=\"{}\"><div  class=\"bt_bb_column col-xxl-6 col-xl-6 bt_bb_vertical_align_middle bt_bb_align_left bt_bb_padding_90 bt_bb_animation_fade_in bt_bb_animation_zoom_out animate\" style=\"background-color:rgba(241, 241, 241, 1);\" data-width=\"6\" data-bt-override-class=\"{}\"><div class=\"bt_bb_column_content\"><div class=\"bt_bb_column_content_inner\"><div class=\"bt_bb_separator bt_bb_border_style_none bt_bb_bottom_spacing_60\" data-bt-override-class=\"null\"><\/div><header class=\"bt_bb_headline bt_bb_dash_top bt_bb_superheadline bt_bb_subheadline bt_bb_size_medium bt_bb_align_inherit\" data-bt-override-class=\"{&quot;bt_bb_size_&quot;:{&quot;current_class&quot;:&quot;bt_bb_size_medium&quot;,&quot;xxl&quot;:&quot;medium&quot;,&quot;xl&quot;:&quot;medium&quot;},&quot;bt_bb_align_&quot;:{&quot;current_class&quot;:&quot;bt_bb_align_inherit&quot;,&quot;xxl&quot;:&quot;inherit&quot;,&quot;xl&quot;:&quot;inherit&quot;}}\"><div class=\"bt_bb_headline_superheadline_outside\"><span class=\"bt_bb_headline_superheadline\"><span>Wer wir sind<\/span><\/span><\/div><h3><span class=\"bt_bb_headline_content\"><span>Brilliant-Profitieren erledigt immer die Arbeit<\/span><\/span><\/h3><div class=\"bt_bb_headline_subheadline\">Gestalten Sie revolution\u00e4re Meta-Services und Premium-Architekturen individuell neu. Sch\u00f6pfen Sie intrinsisch intuitive M\u00f6glichkeiten und M\u00f6glichkeiten in Echtzeit aus.<\/div><\/header><div class=\"bt_bb_separator bt_bb_border_style_none bt_bb_bottom_spacing_45\" data-bt-override-class=\"null\"><\/div><div class=\"bt_bb_separator bt_bb_border_style_none bt_bb_bottom_spacing_60 bt_bb_hidden_xs bt_bb_hidden_ms bt_bb_hidden_sm\" data-bt-override-class=\"null\"><\/div><\/div><\/div><\/div><div  class=\"bt_bb_column col-xxl-6 col-xl-6 bt_bb_vertical_align_top bt_bb_align_left bt_bb_padding_normal bt_bb_animation_fade_in animate\"  data-width=\"6\" data-bt-override-class=\"{}\"><div class=\"bt_bb_column_content\"><div class=\"bt_bb_column_content_inner\"><div class=\"bt_bb_image bt_bb_shape_square bt_bb_align_inherit bt_bb_hover_style_simple bt_bb_content_display_always bt_bb_content_align_middle bt_bb_remove_padding_yes bt_bb_fill_background_color_full\" data-bt-override-class=\"null\"><span><img src = \"https:\/\/www.brilliant-profitieren.de\/cms\/wp-content\/plugins\/bold-page-builder\/img\/blank.gif\" data-full_image_src=\"https:\/\/www.brilliant-profitieren.de\/cms\/wp-content\/uploads\/2020\/11\/img-people-communicating.jpg\" data-image_src=\"https:\/\/www.brilliant-profitieren.de\/cms\/wp-content\/uploads\/2020\/11\/img-people-communicating.jpg\" alt=\"https:\/\/www.brilliant-profitieren.de\/cms\/wp-content\/uploads\/2020\/11\/img-people-communicating.jpg\" class=\"btLazyLoadImage\"><\/span><\/div><\/div><\/div><\/div><\/div><\/div><\/div><\/div><\/div><\/section>","protected":false},"excerpt":{"rendered":"<p>Synergisieren Sie ressourcenbelastende Beziehungen vollst\u00e4ndig \u00fcber erstklassige Nischenm\u00e4rkte. Kultivieren Sie professionell den Eins-zu-eins-Kundenservice mit robusten Ideen. Dynamischer, innovativer Kundenservice mit Ressourcennivellierung f\u00fcr einen hochmodernen Kundenservice.<\/p>\n","protected":false},"author":1,"featured_media":578,"parent":510,"menu_order":0,"comment_status":"closed","ping_status":"closed","template":"","meta":{"footnotes":""},"class_list":["post-522","page","type-page","status-publish","has-post-thumbnail","hentry"],"yoast_head":"<!-- This site is optimized with the Yoast SEO Premium plugin v21.3 (Yoast SEO v21.3) - https:\/\/yoast.com\/wordpress\/plugins\/seo\/ -->\n<title>Wir bieten eine breite Palette von L\u00f6sungen, um den Anforderungen unserer Kunden gerecht zu werden. Unsere Expertise erstreckt sich \u00fcber verschiedene Bereiche und Branchen, und wir sind bestrebt, qualitativ hochwertige und ma\u00dfgeschneiderte L\u00f6sungen anzubieten.<\/title>\n<meta name=\"description\" content=\"Unsere L\u00f6sungen\" \/>\n<meta name=\"robots\" content=\"index, follow, max-snippet:-1, max-image-preview:large, max-video-preview:-1\" \/>\n<link rel=\"canonical\" href=\"https:\/\/www.brilliant-profitieren.de\/cms\/dienstleistungen\/unsere-loesungen\/\" \/>\n<meta name=\"twitter:card\" content=\"summary_large_image\" \/>\n<meta name=\"twitter:title\" content=\"Wir bieten eine breite Palette von L\u00f6sungen, um den Anforderungen unserer Kunden gerecht zu werden. Unsere Expertise erstreckt sich \u00fcber verschiedene Bereiche und Branchen, und wir sind bestrebt, qualitativ hochwertige und ma\u00dfgeschneiderte L\u00f6sungen anzubieten.\" \/>\n<meta name=\"twitter:description\" content=\"Unsere L\u00f6sungen\" \/>\n<meta name=\"twitter:image\" content=\"https:\/\/www.brilliant-profitieren.de\/cms\/wp-content\/uploads\/2020\/10\/post_05.jpg\" \/>\n<meta name=\"twitter:site\" content=\"@BrilliantProfi\" \/>\n<meta name=\"twitter:label1\" content=\"Gesch\u00e4tzte Lesezeit\" \/>\n\t<meta name=\"twitter:data1\" content=\"5\u00a0Minuten\" \/>\n<script type=\"application\/ld+json\" class=\"yoast-schema-graph\">{\"@context\":\"https:\/\/schema.org\",\"@graph\":[{\"@type\":\"WebPage\",\"@id\":\"https:\/\/www.brilliant-profitieren.de\/cms\/dienstleistungen\/unsere-loesungen\/\",\"url\":\"https:\/\/www.brilliant-profitieren.de\/cms\/dienstleistungen\/unsere-loesungen\/\",\"name\":\"Wir bieten eine breite Palette von L\u00f6sungen, um den Anforderungen unserer Kunden gerecht zu werden. Unsere Expertise erstreckt sich \u00fcber verschiedene Bereiche und Branchen, und wir sind bestrebt, qualitativ hochwertige und ma\u00dfgeschneiderte L\u00f6sungen anzubieten.\",\"isPartOf\":{\"@id\":\"https:\/\/www.brilliant-profitieren.de\/cms\/#website\"},\"datePublished\":\"2020-10-26T12:24:55+00:00\",\"dateModified\":\"2022-11-16T14:26:35+00:00\",\"description\":\"Unsere L\u00f6sungen\",\"breadcrumb\":{\"@id\":\"https:\/\/www.brilliant-profitieren.de\/cms\/dienstleistungen\/unsere-loesungen\/#breadcrumb\"},\"inLanguage\":\"de\",\"potentialAction\":[{\"@type\":\"ReadAction\",\"target\":[\"https:\/\/www.brilliant-profitieren.de\/cms\/dienstleistungen\/unsere-loesungen\/\"]}]},{\"@type\":\"BreadcrumbList\",\"@id\":\"https:\/\/www.brilliant-profitieren.de\/cms\/dienstleistungen\/unsere-loesungen\/#breadcrumb\",\"itemListElement\":[{\"@type\":\"ListItem\",\"position\":1,\"name\":\"Startseite\",\"item\":\"https:\/\/www.brilliant-profitieren.de\/cms\/\"},{\"@type\":\"ListItem\",\"position\":2,\"name\":\"Dienstleistungen\",\"item\":\"https:\/\/www.brilliant-profitieren.de\/cms\/dienstleistungen\/\"},{\"@type\":\"ListItem\",\"position\":3,\"name\":\"Unsere L\u00f6sungen\"}]},{\"@type\":\"WebSite\",\"@id\":\"https:\/\/www.brilliant-profitieren.de\/cms\/#website\",\"url\":\"https:\/\/www.brilliant-profitieren.de\/cms\/\",\"name\":\"Brilliant-Profitieren - Systemlieferant M\u00fcnchen\",\"description\":\"\",\"publisher\":{\"@id\":\"https:\/\/www.brilliant-profitieren.de\/cms\/#organization\"},\"potentialAction\":[{\"@type\":\"SearchAction\",\"target\":{\"@type\":\"EntryPoint\",\"urlTemplate\":\"https:\/\/www.brilliant-profitieren.de\/cms\/?s={search_term_string}\"},\"query-input\":\"required name=search_term_string\"}],\"inLanguage\":\"de\"},{\"@type\":\"Organization\",\"@id\":\"https:\/\/www.brilliant-profitieren.de\/cms\/#organization\",\"name\":\"Brilliant Profitieren\",\"alternateName\":\"Brilliant Profitieren - Systemlieferant - Rolf Weber\",\"url\":\"https:\/\/www.brilliant-profitieren.de\/cms\/\",\"logo\":{\"@type\":\"ImageObject\",\"inLanguage\":\"de\",\"@id\":\"https:\/\/www.brilliant-profitieren.de\/cms\/#\/schema\/logo\/image\/\",\"url\":\"https:\/\/www.brilliant-profitieren.de\/cms\/wp-content\/uploads\/2022\/11\/Logo_BP-scaled.jpg\",\"contentUrl\":\"https:\/\/www.brilliant-profitieren.de\/cms\/wp-content\/uploads\/2022\/11\/Logo_BP-scaled.jpg\",\"width\":2560,\"height\":1877,\"caption\":\"Brilliant Profitieren\"},\"image\":{\"@id\":\"https:\/\/www.brilliant-profitieren.de\/cms\/#\/schema\/logo\/image\/\"},\"sameAs\":[\"https:\/\/www.facebook.com\/BrilliantProfitieren\/\",\"https:\/\/twitter.com\/BrilliantProfi\"]}]}<\/script>\n<!-- \/ Yoast SEO Premium plugin. -->","yoast_head_json":{"title":"Wir bieten eine breite Palette von L\u00f6sungen, um den Anforderungen unserer Kunden gerecht zu werden. Unsere Expertise erstreckt sich \u00fcber verschiedene Bereiche und Branchen, und wir sind bestrebt, qualitativ hochwertige und ma\u00dfgeschneiderte L\u00f6sungen anzubieten.","description":"Unsere L\u00f6sungen","robots":{"index":"index","follow":"follow","max-snippet":"max-snippet:-1","max-image-preview":"max-image-preview:large","max-video-preview":"max-video-preview:-1"},"canonical":"https:\/\/www.brilliant-profitieren.de\/cms\/dienstleistungen\/unsere-loesungen\/","twitter_card":"summary_large_image","twitter_title":"Wir bieten eine breite Palette von L\u00f6sungen, um den Anforderungen unserer Kunden gerecht zu werden. Unsere Expertise erstreckt sich \u00fcber verschiedene Bereiche und Branchen, und wir sind bestrebt, qualitativ hochwertige und ma\u00dfgeschneiderte L\u00f6sungen anzubieten.","twitter_description":"Unsere L\u00f6sungen","twitter_image":"https:\/\/www.brilliant-profitieren.de\/cms\/wp-content\/uploads\/2020\/10\/post_05.jpg","twitter_site":"@BrilliantProfi","twitter_misc":{"Gesch\u00e4tzte Lesezeit":"5\u00a0Minuten"},"schema":{"@context":"https:\/\/schema.org","@graph":[{"@type":"WebPage","@id":"https:\/\/www.brilliant-profitieren.de\/cms\/dienstleistungen\/unsere-loesungen\/","url":"https:\/\/www.brilliant-profitieren.de\/cms\/dienstleistungen\/unsere-loesungen\/","name":"Wir bieten eine breite Palette von L\u00f6sungen, um den Anforderungen unserer Kunden gerecht zu werden. Unsere Expertise erstreckt sich \u00fcber verschiedene Bereiche und Branchen, und wir sind bestrebt, qualitativ hochwertige und ma\u00dfgeschneiderte L\u00f6sungen anzubieten.","isPartOf":{"@id":"https:\/\/www.brilliant-profitieren.de\/cms\/#website"},"datePublished":"2020-10-26T12:24:55+00:00","dateModified":"2022-11-16T14:26:35+00:00","description":"Unsere L\u00f6sungen","breadcrumb":{"@id":"https:\/\/www.brilliant-profitieren.de\/cms\/dienstleistungen\/unsere-loesungen\/#breadcrumb"},"inLanguage":"de","potentialAction":[{"@type":"ReadAction","target":["https:\/\/www.brilliant-profitieren.de\/cms\/dienstleistungen\/unsere-loesungen\/"]}]},{"@type":"BreadcrumbList","@id":"https:\/\/www.brilliant-profitieren.de\/cms\/dienstleistungen\/unsere-loesungen\/#breadcrumb","itemListElement":[{"@type":"ListItem","position":1,"name":"Startseite","item":"https:\/\/www.brilliant-profitieren.de\/cms\/"},{"@type":"ListItem","position":2,"name":"Dienstleistungen","item":"https:\/\/www.brilliant-profitieren.de\/cms\/dienstleistungen\/"},{"@type":"ListItem","position":3,"name":"Unsere L\u00f6sungen"}]},{"@type":"WebSite","@id":"https:\/\/www.brilliant-profitieren.de\/cms\/#website","url":"https:\/\/www.brilliant-profitieren.de\/cms\/","name":"Brilliant-Profitieren - Systemlieferant M\u00fcnchen","description":"","publisher":{"@id":"https:\/\/www.brilliant-profitieren.de\/cms\/#organization"},"potentialAction":[{"@type":"SearchAction","target":{"@type":"EntryPoint","urlTemplate":"https:\/\/www.brilliant-profitieren.de\/cms\/?s={search_term_string}"},"query-input":"required name=search_term_string"}],"inLanguage":"de"},{"@type":"Organization","@id":"https:\/\/www.brilliant-profitieren.de\/cms\/#organization","name":"Brilliant Profitieren","alternateName":"Brilliant Profitieren - Systemlieferant - Rolf Weber","url":"https:\/\/www.brilliant-profitieren.de\/cms\/","logo":{"@type":"ImageObject","inLanguage":"de","@id":"https:\/\/www.brilliant-profitieren.de\/cms\/#\/schema\/logo\/image\/","url":"https:\/\/www.brilliant-profitieren.de\/cms\/wp-content\/uploads\/2022\/11\/Logo_BP-scaled.jpg","contentUrl":"https:\/\/www.brilliant-profitieren.de\/cms\/wp-content\/uploads\/2022\/11\/Logo_BP-scaled.jpg","width":2560,"height":1877,"caption":"Brilliant Profitieren"},"image":{"@id":"https:\/\/www.brilliant-profitieren.de\/cms\/#\/schema\/logo\/image\/"},"sameAs":["https:\/\/www.facebook.com\/BrilliantProfitieren\/","https:\/\/twitter.com\/BrilliantProfi"]}]}},"_links":{"self":[{"href":"https:\/\/www.brilliant-profitieren.de\/cms\/wp-json\/wp\/v2\/pages\/522","targetHints":{"allow":["GET"]}}],"collection":[{"href":"https:\/\/www.brilliant-profitieren.de\/cms\/wp-json\/wp\/v2\/pages"}],"about":[{"href":"https:\/\/www.brilliant-profitieren.de\/cms\/wp-json\/wp\/v2\/types\/page"}],"author":[{"embeddable":true,"href":"https:\/\/www.brilliant-profitieren.de\/cms\/wp-json\/wp\/v2\/users\/1"}],"replies":[{"embeddable":true,"href":"https:\/\/www.brilliant-profitieren.de\/cms\/wp-json\/wp\/v2\/comments?post=522"}],"version-history":[{"count":12,"href":"https:\/\/www.brilliant-profitieren.de\/cms\/wp-json\/wp\/v2\/pages\/522\/revisions"}],"predecessor-version":[{"id":1803,"href":"https:\/\/www.brilliant-profitieren.de\/cms\/wp-json\/wp\/v2\/pages\/522\/revisions\/1803"}],"up":[{"embeddable":true,"href":"https:\/\/www.brilliant-profitieren.de\/cms\/wp-json\/wp\/v2\/pages\/510"}],"wp:featuredmedia":[{"embeddable":true,"href":"https:\/\/www.brilliant-profitieren.de\/cms\/wp-json\/wp\/v2\/media\/578"}],"wp:attachment":[{"href":"https:\/\/www.brilliant-profitieren.de\/cms\/wp-json\/wp\/v2\/media?parent=522"}],"curies":[{"name":"wp","href":"https:\/\/api.w.org\/{rel}","templated":true}]}}