{"id":448,"date":"2020-10-26T12:19:38","date_gmt":"2020-10-26T12:19:38","guid":{"rendered":"http:\/\/amwerk.bold-themes.com\/berlin\/?page_id=448"},"modified":"2022-11-28T13:11:29","modified_gmt":"2022-11-28T12:11:29","slug":"kontakt","status":"publish","type":"page","link":"https:\/\/www.brilliant-profitieren.de\/cms\/ueber-uns\/kontakt\/","title":{"rendered":"Kontakt"},"content":{"rendered":"<section id=\"bt_bb_section69f731370d17a\"  data-background_image_src=\"'https:\/\/www.brilliant-profitieren.de\/cms\/wp-content\/uploads\/2020\/11\/bgn-graphic-drawing.jpg'\" class=\"bt_bb_section bt_bb_layout_boxed_1200 bt_bb_vertical_align_top btLazyLoadBackground bt_bb_background_image bt_bb_top_spacing_extra_large bt_bb_bottom_spacing_100\" style=\"background-image:url(&#039;https:\/\/www.brilliant-profitieren.de\/cms\/wp-content\/plugins\/bold-page-builder\/img\/blank.gif&#039;);background-position:right top;background-size:contain;\" data-bt-override-class=\"null\"><div class=\"bt_bb_port\"><div class=\"bt_bb_cell\"><div class=\"bt_bb_cell_inner\"><div class=\"bt_bb_row_wrapper\"><div  class=\"bt_bb_row\"  data-bt-override-class=\"{}\"><div  class=\"bt_bb_column col-xxl-6 col-xl-6 bt_bb_vertical_align_top bt_bb_align_left bt_bb_padding_normal bt_bb_animation_fade_in bt_bb_animation_zoom_out animate\"  data-width=\"6\" data-bt-override-class=\"{}\"><div class=\"bt_bb_column_content\"><div class=\"bt_bb_column_content_inner\"><header class=\"bt_bb_headline bt_bb_dash_top bt_bb_superheadline bt_bb_size_large bt_bb_align_inherit\" data-bt-override-class=\"{&quot;bt_bb_size_&quot;:{&quot;current_class&quot;:&quot;bt_bb_size_large&quot;,&quot;xxl&quot;:&quot;large&quot;,&quot;xl&quot;:&quot;large&quot;},&quot;bt_bb_align_&quot;:{&quot;current_class&quot;:&quot;bt_bb_align_inherit&quot;,&quot;xxl&quot;:&quot;inherit&quot;,&quot;xl&quot;:&quot;inherit&quot;}}\"><div class=\"bt_bb_headline_superheadline_outside\"><span class=\"bt_bb_headline_superheadline\"><span>Kontakt<\/span><\/span><\/div><h3><span class=\"bt_bb_headline_content\"><span>Wir sind hier, um zu konstruieren was<br \/>\r\ndie beste L\u00f6sung f\u00fcr Ihr Unternehmen ist.<span class=\"bt_bb_outline_text bt_bb_outline_text_align_left bt_bb_outline_text_size_400\"><span>Solutions<\/span><\/span><\/span><\/span><\/h3><\/header><\/div><\/div><\/div><div  class=\"bt_bb_column col-xxl-6 col-xl-6 bt_bb_vertical_align_top bt_bb_align_left bt_bb_padding_normal\"  data-width=\"6\" data-bt-override-class=\"{}\"><div class=\"bt_bb_column_content\"><div class=\"bt_bb_column_content_inner\"><\/div><\/div><\/div><\/div><\/div><\/div><\/div><\/div><\/section><section id=\"bt_bb_section69f731370d5c5\"  class=\"bt_bb_section bt_bb_color_scheme_11 bt_bb_layout_wide bt_bb_vertical_align_top\"  data-bt-override-class=\"null\"><div class=\"bt_bb_port\"><div class=\"bt_bb_cell\"><div class=\"bt_bb_cell_inner\"><div class=\"bt_bb_row_wrapper bt_bb_row_width_boxed_1200\"><div  class=\"bt_bb_row\"  data-bt-override-class=\"{}\"><div  class=\"bt_bb_column col-xxl-4 col-xl-4 col-xs-12 col-sm-12 col-md-12 col-lg-4 bt_bb_vertical_align_top bt_bb_align_left bt_bb_padding_normal bt_bb_animation_fade_in bt_bb_animation_zoom_out animate\"  data-width=\"4\" data-bt-override-class=\"{}\"><div class=\"bt_bb_column_content\"><div class=\"bt_bb_column_content_inner\"><div class=\"bt_bb_icon bt_bb_color_scheme_6 bt_bb_style_filled bt_bb_size_normal bt_bb_shape_square bt_bb_target_self bt_bb_text_empty bt_bb_align_inherit bt_bb_vertical_position_half_above\" style=\"; --primary-color:#ffffff; --secondary-color:#00a0dd;\" data-bt-override-class=\"{}\"><span  data-ico-amwerk=\"&#xe9bd;\" class=\"bt_bb_icon_holder\"><\/span><\/div><div class=\"bt_bb_separator bt_bb_border_style_none bt_bb_bottom_spacing_35\" data-bt-override-class=\"null\"><\/div><header class=\"bt_bb_headline bt_bb_dash_none bt_bb_subheadline bt_bb_size_small bt_bb_align_inherit\" style=\"margin-left: 30px;\" data-bt-override-class=\"{&quot;bt_bb_size_&quot;:{&quot;current_class&quot;:&quot;bt_bb_size_small&quot;,&quot;xxl&quot;:&quot;small&quot;,&quot;xl&quot;:&quot;small&quot;},&quot;bt_bb_align_&quot;:{&quot;current_class&quot;:&quot;bt_bb_align_inherit&quot;,&quot;xxl&quot;:&quot;inherit&quot;,&quot;xl&quot;:&quot;inherit&quot;}}\"><h4><span class=\"bt_bb_headline_content\"><span>Sch\u00e4ftlarn \/ Ebenhausen<\/span><\/span><\/h4><div class=\"bt_bb_headline_subheadline\">Alpenblickstrasse 11b, 82067 Sch\u00e4ftlarn, Germany<\/div><\/header><div class=\"bt_bb_separator bt_bb_border_style_none bt_bb_bottom_spacing_35\" data-bt-override-class=\"null\"><\/div><div class=\"bt_bb_separator bt_bb_border_style_none bt_bb_bottom_spacing_35 bt_bb_hidden_md bt_bb_hidden_lg\" data-bt-override-class=\"null\"><\/div><\/div><\/div><\/div><div  class=\"bt_bb_column col-xxl-4 col-xl-4 col-xs-12 col-sm-12 col-md-12 col-lg-4 bt_bb_vertical_align_top bt_bb_align_left bt_bb_padding_normal bt_bb_animation_fade_in bt_bb_animation_zoom_out animate\"  data-width=\"4\" data-bt-override-class=\"{}\"><div class=\"bt_bb_column_content\"><div class=\"bt_bb_column_content_inner\"><div class=\"bt_bb_icon bt_bb_color_scheme_6 bt_bb_style_filled bt_bb_size_normal bt_bb_shape_square bt_bb_target_self bt_bb_text_empty bt_bb_align_inherit bt_bb_vertical_position_half_above\" style=\"; --primary-color:#ffffff; --secondary-color:#00a0dd;\" data-bt-override-class=\"{}\"><span  data-ico-amwerk=\"&#xe9b9;\" class=\"bt_bb_icon_holder\"><\/span><\/div><div class=\"bt_bb_separator bt_bb_border_style_none bt_bb_bottom_spacing_35\" data-bt-override-class=\"null\"><\/div><header class=\"bt_bb_headline bt_bb_dash_none bt_bb_subheadline bt_bb_size_small bt_bb_align_inherit\" style=\"margin-left: 30px;\" data-bt-override-class=\"{&quot;bt_bb_size_&quot;:{&quot;current_class&quot;:&quot;bt_bb_size_small&quot;,&quot;xxl&quot;:&quot;small&quot;,&quot;xl&quot;:&quot;small&quot;},&quot;bt_bb_align_&quot;:{&quot;current_class&quot;:&quot;bt_bb_align_inherit&quot;,&quot;xxl&quot;:&quot;inherit&quot;,&quot;xl&quot;:&quot;inherit&quot;}}\"><h4><span class=\"bt_bb_headline_content\"><span>Email<\/span><\/span><\/h4><div class=\"bt_bb_headline_subheadline\">info@brilliant-profitieren.de<\/div><\/header><div class=\"bt_bb_separator bt_bb_border_style_none bt_bb_bottom_spacing_35\" data-bt-override-class=\"null\"><\/div><div class=\"bt_bb_separator bt_bb_border_style_none bt_bb_bottom_spacing_35 bt_bb_hidden_md bt_bb_hidden_lg\" data-bt-override-class=\"null\"><\/div><\/div><\/div><\/div><div  class=\"bt_bb_column col-xxl-4 col-xl-4 col-xs-12 col-sm-12 col-md-12 col-lg-4 bt_bb_vertical_align_top bt_bb_align_left bt_bb_padding_normal bt_bb_animation_fade_in bt_bb_animation_zoom_out animate\"  data-width=\"4\" data-bt-override-class=\"{}\"><div class=\"bt_bb_column_content\"><div class=\"bt_bb_column_content_inner\"><div class=\"bt_bb_icon bt_bb_color_scheme_6 bt_bb_style_filled bt_bb_size_normal bt_bb_shape_square bt_bb_target_self bt_bb_text_empty bt_bb_align_inherit bt_bb_vertical_position_half_above\" style=\"; --primary-color:#ffffff; --secondary-color:#00a0dd;\" data-bt-override-class=\"{}\"><span  data-ico-amwerk=\"&#xe9c5;\" class=\"bt_bb_icon_holder\"><\/span><\/div><div class=\"bt_bb_separator bt_bb_border_style_none bt_bb_bottom_spacing_35\" data-bt-override-class=\"null\"><\/div><header class=\"bt_bb_headline bt_bb_dash_none bt_bb_subheadline bt_bb_size_small bt_bb_align_inherit\" style=\"margin-left: 30px;\" data-bt-override-class=\"{&quot;bt_bb_size_&quot;:{&quot;current_class&quot;:&quot;bt_bb_size_small&quot;,&quot;xxl&quot;:&quot;small&quot;,&quot;xl&quot;:&quot;small&quot;},&quot;bt_bb_align_&quot;:{&quot;current_class&quot;:&quot;bt_bb_align_inherit&quot;,&quot;xxl&quot;:&quot;inherit&quot;,&quot;xl&quot;:&quot;inherit&quot;}}\"><h4><span class=\"bt_bb_headline_content\"><span>Telefon<\/span><\/span><\/h4><div class=\"bt_bb_headline_subheadline\">0171 - 651 944 7<\/div><\/header><div class=\"bt_bb_separator bt_bb_border_style_none bt_bb_bottom_spacing_35\" data-bt-override-class=\"null\"><\/div><\/div><\/div><\/div><\/div><\/div><\/div><\/div><\/div><\/section><section id=\"bt_bb_section69f731370defc\"  class=\"bt_bb_section bt_bb_layout_boxed_1200 bt_bb_vertical_align_top bt_bb_top_spacing_100 bt_bb_bottom_spacing_100\"  data-bt-override-class=\"null\"><div class=\"bt_bb_port\"><div class=\"bt_bb_cell\"><div class=\"bt_bb_cell_inner\"><div class=\"bt_bb_row_wrapper\"><div  class=\"bt_bb_row\"  data-bt-override-class=\"{}\"><div  class=\"bt_bb_column col-xxl-12 col-xl-12 col-xs-12 col-sm-12 col-md-12 col-lg-12 bt_bb_vertical_align_top bt_bb_align_left bt_bb_padding_40 bt_bb_animation_fade_in bt_bb_animation_zoom_out animate\"  data-width=\"12\" data-bt-override-class=\"{}\"><div class=\"bt_bb_column_content\" style=\"background-color:rgba(241, 241, 241, 1);\"><div class=\"bt_bb_column_content_inner\"><div class=\"bt_bb_separator bt_bb_border_style_none bt_bb_bottom_spacing_40\" data-bt-override-class=\"null\"><\/div><div class=\"bt_bb_contact_form_7\">\n<div class=\"wpcf7 no-js\" id=\"wpcf7-f1814-o1\" lang=\"en-US\" dir=\"ltr\">\n<div class=\"screen-reader-response\"><p role=\"status\" aria-live=\"polite\" aria-atomic=\"true\"><\/p> <ul><\/ul><\/div>\n<form action=\"\/cms\/wp-json\/wp\/v2\/pages\/448#wpcf7-f1814-o1\" method=\"post\" class=\"wpcf7-form init\" aria-label=\"Contact form\" novalidate=\"novalidate\" data-status=\"init\">\n<div style=\"display: none;\">\n<input type=\"hidden\" name=\"_wpcf7\" value=\"1814\" \/>\n<input type=\"hidden\" name=\"_wpcf7_version\" value=\"5.8.1\" \/>\n<input type=\"hidden\" name=\"_wpcf7_locale\" value=\"en_US\" \/>\n<input type=\"hidden\" name=\"_wpcf7_unit_tag\" value=\"wpcf7-f1814-o1\" \/>\n<input type=\"hidden\" name=\"_wpcf7_container_post\" value=\"0\" \/>\n<input type=\"hidden\" name=\"_wpcf7_posted_data_hash\" value=\"\" \/>\n<input type=\"hidden\" name=\"_wpcf7_recaptcha_response\" value=\"\" \/>\n<\/div>\n<div class=\"bt_bb_cf7_form bt_bb_cf7_columns_form\">\n\t<div class=\"bt_bb_cf7_column\">\n\t\t<div class=\"bt_bb_cf7_row\">\n\t\t\t<div class=\"bt_bb_cf7_element bt_bb_cf7_element_required\">\n\t\t\t\t<p><span class=\"wpcf7-form-control-wrap\" data-name=\"your-name\"><input size=\"40\" class=\"wpcf7-form-control wpcf7-text wpcf7-validates-as-required\" aria-required=\"true\" aria-invalid=\"false\" placeholder=\"Ihr Name\" value=\"\" type=\"text\" name=\"your-name\" \/><\/span>\n\t\t\t\t<\/p>\n\t\t\t<\/div>\n\t\t<\/div>\n\t\t<div class=\"bt_bb_cf7_row\">\n\t\t\t<div class=\"bt_bb_cf7_element bt_bb_cf7_element_required\">\n\t\t\t\t<p><span class=\"wpcf7-form-control-wrap\" data-name=\"your-firma\"><input size=\"40\" class=\"wpcf7-form-control wpcf7-text wpcf7-validates-as-required\" aria-required=\"true\" aria-invalid=\"false\" placeholder=\"Firma\" value=\"\" type=\"text\" name=\"your-firma\" \/><\/span>\n\t\t\t\t<\/p>\n\t\t\t<\/div>\n\t\t<\/div>\n\t\t<div class=\"bt_bb_cf7_row\">\n\t\t\t<div class=\"bt_bb_cf7_element bt_bb_cf7_element_required\">\n\t\t\t\t<p><span class=\"wpcf7-form-control-wrap\" data-name=\"your-address\"><input size=\"40\" class=\"wpcf7-form-control wpcf7-text wpcf7-validates-as-required\" aria-required=\"true\" aria-invalid=\"false\" placeholder=\"Ihre Adresse\" value=\"\" type=\"text\" name=\"your-address\" \/><\/span>\n\t\t\t\t<\/p>\n\t\t\t<\/div>\n\t\t<\/div>\n\t\t<div class=\"bt_bb_cf7_row\">\n\t\t\t<div class=\"bt_bb_cf7_element bt_bb_cf7_element_required\">\n\t\t\t\t<p><span class=\"wpcf7-form-control-wrap\" data-name=\"city\"><input size=\"40\" class=\"wpcf7-form-control wpcf7-text wpcf7-validates-as-required\" aria-required=\"true\" aria-invalid=\"false\" placeholder=\"Stadt\" value=\"\" type=\"text\" name=\"city\" \/><\/span>\n\t\t\t\t<\/p>\n\t\t\t<\/div>\n\t\t<\/div>\n\t\t<div class=\"bt_bb_cf7_row\">\n\t\t\t<div class=\"bt_bb_cf7_element bt_bb_cf7_element_required\">\n\t\t\t\t<p><span class=\"wpcf7-form-control-wrap\" data-name=\"postcode\"><input size=\"40\" class=\"wpcf7-form-control wpcf7-text wpcf7-validates-as-required\" aria-required=\"true\" aria-invalid=\"false\" placeholder=\"PLZ\" value=\"\" type=\"text\" name=\"postcode\" \/><\/span>\n\t\t\t\t<\/p>\n\t\t\t<\/div>\n\t\t<\/div>\n\t\t<div class=\"bt_bb_cf7_row\">\n\t\t\t<div class=\"bt_bb_cf7_element bt_bb_cf7_element_required\">\n\t\t\t\t<p><span class=\"wpcf7-form-control-wrap\" data-name=\"phone-number\"><input size=\"40\" class=\"wpcf7-form-control wpcf7-text wpcf7-validates-as-required\" aria-required=\"true\" aria-invalid=\"false\" placeholder=\"Telefonnummer\" value=\"\" type=\"text\" name=\"phone-number\" \/><\/span>\n\t\t\t\t<\/p>\n\t\t\t<\/div>\n\t\t<\/div>\n\t<\/div>\n\t<div class=\"bt_bb_cf7_column\">\n\t\t<div class=\"bt_bb_cf7_row\">\n\t\t\t<div class=\"bt_bb_cf7_element bt_bb_cf7_element_required\">\n\t\t\t\t<p><span class=\"wpcf7-form-control-wrap\" data-name=\"your-email\"><input size=\"40\" class=\"wpcf7-form-control wpcf7-email wpcf7-validates-as-required wpcf7-text wpcf7-validates-as-email\" aria-required=\"true\" aria-invalid=\"false\" placeholder=\"E-Mailadresse\" value=\"\" type=\"email\" name=\"your-email\" \/><\/span>\n\t\t\t\t<\/p>\n\t\t\t<\/div>\n\t\t<\/div>\n\t\t<div class=\"bt_bb_cf7_element\">\n\t\t\t<p><span class=\"wpcf7-form-control-wrap\" data-name=\"your-message\"><textarea cols=\"40\" rows=\"3\" class=\"wpcf7-form-control wpcf7-textarea\" aria-invalid=\"false\" placeholder=\"Ihre Nachricht\" name=\"your-message\"><\/textarea><\/span>\n\t\t\t<\/p>\n\t\t<\/div>\n\t<\/div>\n\t<div class=\"bt_bb_cf7_row\">\n\t\t<div class=\"bt_bb_cf7_button bt_bb_cf7_element\">\n\t\t\t<p><input class=\"wpcf7-form-control wpcf7-submit has-spinner\" type=\"submit\" value=\"Abschicken\" \/>\n\t\t\t<\/p>\n\t\t<\/div>\n\t<\/div>\n<\/div><div class=\"wpcf7-response-output\" aria-hidden=\"true\"><\/div>\n<\/form>\n<\/div>\n<\/div><div class=\"bt_bb_separator bt_bb_border_style_none bt_bb_bottom_spacing_60\" data-bt-override-class=\"null\"><\/div><\/div><\/div><\/div><\/div><\/div><\/div><\/div><\/div><\/section>","protected":false},"excerpt":{"rendered":"<p>Sammeln Sie schnell B2B-Benutzer und weltweite M\u00f6glichkeiten. Plagiieren Sie nach und nach Ressourcen-nivellierenden E-Commerce durch Ressourcen-nivellierende Kernkompetenzen. Vernetzen Sie risikoarme, ertragsstarke Ausrichtungen vor transparenten E-Tailern auf dramatische Weise.<\/p>\n","protected":false},"author":1,"featured_media":590,"parent":440,"menu_order":0,"comment_status":"closed","ping_status":"closed","template":"","meta":{"footnotes":""},"class_list":["post-448","page","type-page","status-publish","has-post-thumbnail","hentry"],"yoast_head":"<!-- This site is optimized with the Yoast SEO Premium plugin v21.3 (Yoast SEO v21.3) - https:\/\/yoast.com\/wordpress\/plugins\/seo\/ -->\n<title>Kundenservice steht bei uns an erster Stelle: Z\u00f6gern Sie nicht, uns zu kontaktieren<\/title>\n<meta name=\"description\" content=\"Wir sind f\u00fcr Sie da! Z\u00f6gern Sie nicht, uns f\u00fcr Anfragen, Informationen oder Unterst\u00fctzung zu kontaktieren. Nutzen Sie unsere Kontaktseite, um uns per Telefon, E-Mail oder Kontaktformular zu erreichen. Unser engagiertes Kundenservice-Team steht bereit, um Ihre Fragen zu beantworten und Ihnen bei Ihren Anforderungen zu helfen.\" \/>\n<meta name=\"robots\" content=\"index, follow, max-snippet:-1, max-image-preview:large, max-video-preview:-1\" \/>\n<link rel=\"canonical\" href=\"https:\/\/www.brilliant-profitieren.de\/cms\/ueber-uns\/kontakt\/\" \/>\n<meta name=\"twitter:card\" content=\"summary_large_image\" \/>\n<meta name=\"twitter:title\" content=\"Kundenservice steht bei uns an erster Stelle: Z\u00f6gern Sie nicht, uns zu kontaktieren\" \/>\n<meta name=\"twitter:description\" content=\"Wir sind f\u00fcr Sie da! Z\u00f6gern Sie nicht, uns f\u00fcr Anfragen, Informationen oder Unterst\u00fctzung zu kontaktieren. Nutzen Sie unsere Kontaktseite, um uns per Telefon, E-Mail oder Kontaktformular zu erreichen. Unser engagiertes Kundenservice-Team steht bereit, um Ihre Fragen zu beantworten und Ihnen bei Ihren Anforderungen zu helfen.\" \/>\n<meta name=\"twitter:image\" content=\"https:\/\/www.brilliant-profitieren.de\/cms\/wp-content\/uploads\/2020\/10\/post_17.jpg\" \/>\n<meta name=\"twitter:site\" content=\"@BrilliantProfi\" \/>\n<meta name=\"twitter:label1\" content=\"Gesch\u00e4tzte Lesezeit\" \/>\n\t<meta name=\"twitter:data1\" content=\"4\u00a0Minuten\" \/>\n<script type=\"application\/ld+json\" class=\"yoast-schema-graph\">{\"@context\":\"https:\/\/schema.org\",\"@graph\":[{\"@type\":\"WebPage\",\"@id\":\"https:\/\/www.brilliant-profitieren.de\/cms\/ueber-uns\/kontakt\/\",\"url\":\"https:\/\/www.brilliant-profitieren.de\/cms\/ueber-uns\/kontakt\/\",\"name\":\"Kundenservice steht bei uns an erster Stelle: Z\u00f6gern Sie nicht, uns zu kontaktieren\",\"isPartOf\":{\"@id\":\"https:\/\/www.brilliant-profitieren.de\/cms\/#website\"},\"datePublished\":\"2020-10-26T12:19:38+00:00\",\"dateModified\":\"2022-11-28T12:11:29+00:00\",\"description\":\"Wir sind f\u00fcr Sie da! Z\u00f6gern Sie nicht, uns f\u00fcr Anfragen, Informationen oder Unterst\u00fctzung zu kontaktieren. Nutzen Sie unsere Kontaktseite, um uns per Telefon, E-Mail oder Kontaktformular zu erreichen. Unser engagiertes Kundenservice-Team steht bereit, um Ihre Fragen zu beantworten und Ihnen bei Ihren Anforderungen zu helfen.\",\"breadcrumb\":{\"@id\":\"https:\/\/www.brilliant-profitieren.de\/cms\/ueber-uns\/kontakt\/#breadcrumb\"},\"inLanguage\":\"de\",\"potentialAction\":[{\"@type\":\"ReadAction\",\"target\":[\"https:\/\/www.brilliant-profitieren.de\/cms\/ueber-uns\/kontakt\/\"]}]},{\"@type\":\"BreadcrumbList\",\"@id\":\"https:\/\/www.brilliant-profitieren.de\/cms\/ueber-uns\/kontakt\/#breadcrumb\",\"itemListElement\":[{\"@type\":\"ListItem\",\"position\":1,\"name\":\"Startseite\",\"item\":\"https:\/\/www.brilliant-profitieren.de\/cms\/\"},{\"@type\":\"ListItem\",\"position\":2,\"name\":\"\u00dcber Uns\",\"item\":\"https:\/\/www.brilliant-profitieren.de\/cms\/ueber-uns\/\"},{\"@type\":\"ListItem\",\"position\":3,\"name\":\"Kontakt\"}]},{\"@type\":\"WebSite\",\"@id\":\"https:\/\/www.brilliant-profitieren.de\/cms\/#website\",\"url\":\"https:\/\/www.brilliant-profitieren.de\/cms\/\",\"name\":\"Brilliant-Profitieren - Systemlieferant M\u00fcnchen\",\"description\":\"\",\"publisher\":{\"@id\":\"https:\/\/www.brilliant-profitieren.de\/cms\/#organization\"},\"potentialAction\":[{\"@type\":\"SearchAction\",\"target\":{\"@type\":\"EntryPoint\",\"urlTemplate\":\"https:\/\/www.brilliant-profitieren.de\/cms\/?s={search_term_string}\"},\"query-input\":\"required name=search_term_string\"}],\"inLanguage\":\"de\"},{\"@type\":\"Organization\",\"@id\":\"https:\/\/www.brilliant-profitieren.de\/cms\/#organization\",\"name\":\"Brilliant Profitieren\",\"alternateName\":\"Brilliant Profitieren - Systemlieferant - Rolf Weber\",\"url\":\"https:\/\/www.brilliant-profitieren.de\/cms\/\",\"logo\":{\"@type\":\"ImageObject\",\"inLanguage\":\"de\",\"@id\":\"https:\/\/www.brilliant-profitieren.de\/cms\/#\/schema\/logo\/image\/\",\"url\":\"https:\/\/www.brilliant-profitieren.de\/cms\/wp-content\/uploads\/2022\/11\/Logo_BP-scaled.jpg\",\"contentUrl\":\"https:\/\/www.brilliant-profitieren.de\/cms\/wp-content\/uploads\/2022\/11\/Logo_BP-scaled.jpg\",\"width\":2560,\"height\":1877,\"caption\":\"Brilliant Profitieren\"},\"image\":{\"@id\":\"https:\/\/www.brilliant-profitieren.de\/cms\/#\/schema\/logo\/image\/\"},\"sameAs\":[\"https:\/\/www.facebook.com\/BrilliantProfitieren\/\",\"https:\/\/twitter.com\/BrilliantProfi\"]}]}<\/script>\n<!-- \/ Yoast SEO Premium plugin. -->","yoast_head_json":{"title":"Kundenservice steht bei uns an erster Stelle: Z\u00f6gern Sie nicht, uns zu kontaktieren","description":"Wir sind f\u00fcr Sie da! Z\u00f6gern Sie nicht, uns f\u00fcr Anfragen, Informationen oder Unterst\u00fctzung zu kontaktieren. Nutzen Sie unsere Kontaktseite, um uns per Telefon, E-Mail oder Kontaktformular zu erreichen. Unser engagiertes Kundenservice-Team steht bereit, um Ihre Fragen zu beantworten und Ihnen bei Ihren Anforderungen zu helfen.","robots":{"index":"index","follow":"follow","max-snippet":"max-snippet:-1","max-image-preview":"max-image-preview:large","max-video-preview":"max-video-preview:-1"},"canonical":"https:\/\/www.brilliant-profitieren.de\/cms\/ueber-uns\/kontakt\/","twitter_card":"summary_large_image","twitter_title":"Kundenservice steht bei uns an erster Stelle: Z\u00f6gern Sie nicht, uns zu kontaktieren","twitter_description":"Wir sind f\u00fcr Sie da! Z\u00f6gern Sie nicht, uns f\u00fcr Anfragen, Informationen oder Unterst\u00fctzung zu kontaktieren. Nutzen Sie unsere Kontaktseite, um uns per Telefon, E-Mail oder Kontaktformular zu erreichen. Unser engagiertes Kundenservice-Team steht bereit, um Ihre Fragen zu beantworten und Ihnen bei Ihren Anforderungen zu helfen.","twitter_image":"https:\/\/www.brilliant-profitieren.de\/cms\/wp-content\/uploads\/2020\/10\/post_17.jpg","twitter_site":"@BrilliantProfi","twitter_misc":{"Gesch\u00e4tzte Lesezeit":"4\u00a0Minuten"},"schema":{"@context":"https:\/\/schema.org","@graph":[{"@type":"WebPage","@id":"https:\/\/www.brilliant-profitieren.de\/cms\/ueber-uns\/kontakt\/","url":"https:\/\/www.brilliant-profitieren.de\/cms\/ueber-uns\/kontakt\/","name":"Kundenservice steht bei uns an erster Stelle: Z\u00f6gern Sie nicht, uns zu kontaktieren","isPartOf":{"@id":"https:\/\/www.brilliant-profitieren.de\/cms\/#website"},"datePublished":"2020-10-26T12:19:38+00:00","dateModified":"2022-11-28T12:11:29+00:00","description":"Wir sind f\u00fcr Sie da! Z\u00f6gern Sie nicht, uns f\u00fcr Anfragen, Informationen oder Unterst\u00fctzung zu kontaktieren. Nutzen Sie unsere Kontaktseite, um uns per Telefon, E-Mail oder Kontaktformular zu erreichen. Unser engagiertes Kundenservice-Team steht bereit, um Ihre Fragen zu beantworten und Ihnen bei Ihren Anforderungen zu helfen.","breadcrumb":{"@id":"https:\/\/www.brilliant-profitieren.de\/cms\/ueber-uns\/kontakt\/#breadcrumb"},"inLanguage":"de","potentialAction":[{"@type":"ReadAction","target":["https:\/\/www.brilliant-profitieren.de\/cms\/ueber-uns\/kontakt\/"]}]},{"@type":"BreadcrumbList","@id":"https:\/\/www.brilliant-profitieren.de\/cms\/ueber-uns\/kontakt\/#breadcrumb","itemListElement":[{"@type":"ListItem","position":1,"name":"Startseite","item":"https:\/\/www.brilliant-profitieren.de\/cms\/"},{"@type":"ListItem","position":2,"name":"\u00dcber Uns","item":"https:\/\/www.brilliant-profitieren.de\/cms\/ueber-uns\/"},{"@type":"ListItem","position":3,"name":"Kontakt"}]},{"@type":"WebSite","@id":"https:\/\/www.brilliant-profitieren.de\/cms\/#website","url":"https:\/\/www.brilliant-profitieren.de\/cms\/","name":"Brilliant-Profitieren - Systemlieferant M\u00fcnchen","description":"","publisher":{"@id":"https:\/\/www.brilliant-profitieren.de\/cms\/#organization"},"potentialAction":[{"@type":"SearchAction","target":{"@type":"EntryPoint","urlTemplate":"https:\/\/www.brilliant-profitieren.de\/cms\/?s={search_term_string}"},"query-input":"required name=search_term_string"}],"inLanguage":"de"},{"@type":"Organization","@id":"https:\/\/www.brilliant-profitieren.de\/cms\/#organization","name":"Brilliant Profitieren","alternateName":"Brilliant Profitieren - Systemlieferant - Rolf Weber","url":"https:\/\/www.brilliant-profitieren.de\/cms\/","logo":{"@type":"ImageObject","inLanguage":"de","@id":"https:\/\/www.brilliant-profitieren.de\/cms\/#\/schema\/logo\/image\/","url":"https:\/\/www.brilliant-profitieren.de\/cms\/wp-content\/uploads\/2022\/11\/Logo_BP-scaled.jpg","contentUrl":"https:\/\/www.brilliant-profitieren.de\/cms\/wp-content\/uploads\/2022\/11\/Logo_BP-scaled.jpg","width":2560,"height":1877,"caption":"Brilliant Profitieren"},"image":{"@id":"https:\/\/www.brilliant-profitieren.de\/cms\/#\/schema\/logo\/image\/"},"sameAs":["https:\/\/www.facebook.com\/BrilliantProfitieren\/","https:\/\/twitter.com\/BrilliantProfi"]}]}},"_links":{"self":[{"href":"https:\/\/www.brilliant-profitieren.de\/cms\/wp-json\/wp\/v2\/pages\/448","targetHints":{"allow":["GET"]}}],"collection":[{"href":"https:\/\/www.brilliant-profitieren.de\/cms\/wp-json\/wp\/v2\/pages"}],"about":[{"href":"https:\/\/www.brilliant-profitieren.de\/cms\/wp-json\/wp\/v2\/types\/page"}],"author":[{"embeddable":true,"href":"https:\/\/www.brilliant-profitieren.de\/cms\/wp-json\/wp\/v2\/users\/1"}],"replies":[{"embeddable":true,"href":"https:\/\/www.brilliant-profitieren.de\/cms\/wp-json\/wp\/v2\/comments?post=448"}],"version-history":[{"count":23,"href":"https:\/\/www.brilliant-profitieren.de\/cms\/wp-json\/wp\/v2\/pages\/448\/revisions"}],"predecessor-version":[{"id":1815,"href":"https:\/\/www.brilliant-profitieren.de\/cms\/wp-json\/wp\/v2\/pages\/448\/revisions\/1815"}],"up":[{"embeddable":true,"href":"https:\/\/www.brilliant-profitieren.de\/cms\/wp-json\/wp\/v2\/pages\/440"}],"wp:featuredmedia":[{"embeddable":true,"href":"https:\/\/www.brilliant-profitieren.de\/cms\/wp-json\/wp\/v2\/media\/590"}],"wp:attachment":[{"href":"https:\/\/www.brilliant-profitieren.de\/cms\/wp-json\/wp\/v2\/media?parent=448"}],"curies":[{"name":"wp","href":"https:\/\/api.w.org\/{rel}","templated":true}]}}