{"id":1926,"date":"2023-03-15T16:47:13","date_gmt":"2023-03-15T15:47:13","guid":{"rendered":"https:\/\/www.brilliant-profitieren.de\/cms\/?page_id=1926"},"modified":"2023-03-15T16:56:59","modified_gmt":"2023-03-15T15:56:59","slug":"teilefertigung","status":"publish","type":"page","link":"https:\/\/www.brilliant-profitieren.de\/cms\/teilefertigung\/","title":{"rendered":"Teilefertigung"},"content":{"rendered":"<section id=\"bt_bb_section69f878c0313f9\"  class=\"bt_bb_section bt_bb_layout_wide bt_bb_vertical_align_top\"  data-bt-override-class=\"null\"><div class=\"bt_bb_port\"><div class=\"bt_bb_cell\"><div class=\"bt_bb_cell_inner\"><div class=\"bt_bb_row_wrapper bt_bb_row_push_right bt_bb_row_push_left bt_bb_row_width_boxed_1200\"><div  class=\"bt_bb_row\"  data-bt-override-class=\"{}\"><div  class=\"bt_bb_column col-xxl-6 col-xl-6 bt_bb_vertical_align_top bt_bb_align_left bt_bb_padding_normal bt_bb_animation_fade_in bt_bb_animation_zoom_out animate\"  data-width=\"6\" data-bt-override-class=\"{}\"><div class=\"bt_bb_column_content\"><div class=\"bt_bb_column_content_inner\"><header class=\"bt_bb_headline bt_bb_dash_top bt_bb_subheadline bt_bb_size_large bt_bb_align_inherit\" data-bt-override-class=\"{&quot;bt_bb_size_&quot;:{&quot;current_class&quot;:&quot;bt_bb_size_large&quot;,&quot;xxl&quot;:&quot;large&quot;,&quot;xl&quot;:&quot;large&quot;},&quot;bt_bb_align_&quot;:{&quot;current_class&quot;:&quot;bt_bb_align_inherit&quot;,&quot;xxl&quot;:&quot;inherit&quot;,&quot;xl&quot;:&quot;inherit&quot;}}\"><div class=\"bt_bb_headline_subheadline\">bezieht sich auf den Prozess der Herstellung von Bauteilen oder Komponenten, die in gr\u00f6\u00dferen Produkten oder Anlagen verwendet werden.<br \/>\r\nDiese Teile k\u00f6nnen aus verschiedenen Materialien hergestellt werden, wie z.B. Metallen, Kunststoffen oder Keramiken.<br \/>\r\n<br \/>\r\nDie Teilefertigung kann sowohl f\u00fcr Standard- als auch f\u00fcr Sonderteile erfolgen.<br \/>\r\n<br \/>\r\nEs gibt verschiedene Verfahren der Teilefertigung, die je nach Material und Anforderungen angewendet werden k\u00f6nnen, wie z.B. Fr\u00e4sen, Drehen, Schmieden, Stanzen, Gie\u00dfen, Spritzguss, Formenbau und viele mehr.<br \/>\r\n<br \/>\r\nDie Teilefertigung kann in einer Vielzahl von Branchen und Bereichen eingesetzt werden, wie z.B. Maschinenbau, Automobilindustrie, Luft- und Raumfahrt, Elektronik, Medizintechnik und viele mehr.<br \/>\r\n<\/div><\/header><div class=\"bt_bb_separator bt_bb_border_style_none bt_bb_bottom_spacing_60\" data-bt-override-class=\"null\"><\/div><\/div><\/div><\/div><div  class=\"bt_bb_column col-xxl-6 col-xl-6 bt_bb_vertical_align_top bt_bb_align_left bt_bb_padding_normal bt_bb_animation_fade_in bt_bb_animation_zoom_out animate\"  data-width=\"6\" data-bt-override-class=\"{}\"><div class=\"bt_bb_column_content\"><div class=\"bt_bb_column_content_inner\"><\/div><\/div><\/div><\/div><\/div><\/div><\/div><\/div><\/section>","protected":false},"excerpt":{"rendered":"","protected":false},"author":1,"featured_media":0,"parent":0,"menu_order":0,"comment_status":"closed","ping_status":"closed","template":"","meta":{"footnotes":""},"class_list":["post-1926","page","type-page","status-publish","hentry"],"yoast_head":"<!-- This site is optimized with the Yoast SEO Premium plugin v21.3 (Yoast SEO v21.3) - https:\/\/yoast.com\/wordpress\/plugins\/seo\/ -->\n<title>Kundenspezifische Teilefertigung: Wir realisieren Ihre individuellen Teile mit h\u00f6chster Pr\u00e4zision<\/title>\n<meta name=\"description\" content=\"Profitieren Sie von unserer langj\u00e4hrigen Erfahrung und Expertise in der Teilefertigung. Wir bieten pr\u00e4zise gefertigte Teile f\u00fcr anspruchsvolle Anwendungen. Vertrauen Sie auf unsere Kompetenz und unser Know-how in der Fertigung von hochwertigen Teilen.\" \/>\n<meta name=\"robots\" content=\"index, follow, max-snippet:-1, max-image-preview:large, max-video-preview:-1\" \/>\n<link rel=\"canonical\" href=\"https:\/\/www.brilliant-profitieren.de\/cms\/teilefertigung\/\" \/>\n<meta name=\"twitter:card\" content=\"summary_large_image\" \/>\n<meta name=\"twitter:title\" content=\"Kundenspezifische Teilefertigung: Wir realisieren Ihre individuellen Teile mit h\u00f6chster Pr\u00e4zision\" \/>\n<meta name=\"twitter:description\" content=\"Profitieren Sie von unserer langj\u00e4hrigen Erfahrung und Expertise in der Teilefertigung. Wir bieten pr\u00e4zise gefertigte Teile f\u00fcr anspruchsvolle Anwendungen. Vertrauen Sie auf unsere Kompetenz und unser Know-how in der Fertigung von hochwertigen Teilen.\" \/>\n<meta name=\"twitter:site\" content=\"@BrilliantProfi\" \/>\n<meta name=\"twitter:label1\" content=\"Gesch\u00e4tzte Lesezeit\" \/>\n\t<meta name=\"twitter:data1\" content=\"2\u00a0Minuten\" \/>\n<script type=\"application\/ld+json\" class=\"yoast-schema-graph\">{\"@context\":\"https:\/\/schema.org\",\"@graph\":[{\"@type\":\"WebPage\",\"@id\":\"https:\/\/www.brilliant-profitieren.de\/cms\/teilefertigung\/\",\"url\":\"https:\/\/www.brilliant-profitieren.de\/cms\/teilefertigung\/\",\"name\":\"Kundenspezifische Teilefertigung: Wir realisieren Ihre individuellen Teile mit h\u00f6chster Pr\u00e4zision\",\"isPartOf\":{\"@id\":\"https:\/\/www.brilliant-profitieren.de\/cms\/#website\"},\"datePublished\":\"2023-03-15T15:47:13+00:00\",\"dateModified\":\"2023-03-15T15:56:59+00:00\",\"description\":\"Profitieren Sie von unserer langj\u00e4hrigen Erfahrung und Expertise in der Teilefertigung. Wir bieten pr\u00e4zise gefertigte Teile f\u00fcr anspruchsvolle Anwendungen. Vertrauen Sie auf unsere Kompetenz und unser Know-how in der Fertigung von hochwertigen Teilen.\",\"breadcrumb\":{\"@id\":\"https:\/\/www.brilliant-profitieren.de\/cms\/teilefertigung\/#breadcrumb\"},\"inLanguage\":\"de\",\"potentialAction\":[{\"@type\":\"ReadAction\",\"target\":[\"https:\/\/www.brilliant-profitieren.de\/cms\/teilefertigung\/\"]}]},{\"@type\":\"BreadcrumbList\",\"@id\":\"https:\/\/www.brilliant-profitieren.de\/cms\/teilefertigung\/#breadcrumb\",\"itemListElement\":[{\"@type\":\"ListItem\",\"position\":1,\"name\":\"Startseite\",\"item\":\"https:\/\/www.brilliant-profitieren.de\/cms\/\"},{\"@type\":\"ListItem\",\"position\":2,\"name\":\"Teilefertigung\"}]},{\"@type\":\"WebSite\",\"@id\":\"https:\/\/www.brilliant-profitieren.de\/cms\/#website\",\"url\":\"https:\/\/www.brilliant-profitieren.de\/cms\/\",\"name\":\"Brilliant-Profitieren - Systemlieferant M\u00fcnchen\",\"description\":\"\",\"publisher\":{\"@id\":\"https:\/\/www.brilliant-profitieren.de\/cms\/#organization\"},\"potentialAction\":[{\"@type\":\"SearchAction\",\"target\":{\"@type\":\"EntryPoint\",\"urlTemplate\":\"https:\/\/www.brilliant-profitieren.de\/cms\/?s={search_term_string}\"},\"query-input\":\"required name=search_term_string\"}],\"inLanguage\":\"de\"},{\"@type\":\"Organization\",\"@id\":\"https:\/\/www.brilliant-profitieren.de\/cms\/#organization\",\"name\":\"Brilliant Profitieren\",\"alternateName\":\"Brilliant Profitieren - Systemlieferant - Rolf Weber\",\"url\":\"https:\/\/www.brilliant-profitieren.de\/cms\/\",\"logo\":{\"@type\":\"ImageObject\",\"inLanguage\":\"de\",\"@id\":\"https:\/\/www.brilliant-profitieren.de\/cms\/#\/schema\/logo\/image\/\",\"url\":\"https:\/\/www.brilliant-profitieren.de\/cms\/wp-content\/uploads\/2022\/11\/Logo_BP-scaled.jpg\",\"contentUrl\":\"https:\/\/www.brilliant-profitieren.de\/cms\/wp-content\/uploads\/2022\/11\/Logo_BP-scaled.jpg\",\"width\":2560,\"height\":1877,\"caption\":\"Brilliant Profitieren\"},\"image\":{\"@id\":\"https:\/\/www.brilliant-profitieren.de\/cms\/#\/schema\/logo\/image\/\"},\"sameAs\":[\"https:\/\/www.facebook.com\/BrilliantProfitieren\/\",\"https:\/\/twitter.com\/BrilliantProfi\"]}]}<\/script>\n<!-- \/ Yoast SEO Premium plugin. -->","yoast_head_json":{"title":"Kundenspezifische Teilefertigung: Wir realisieren Ihre individuellen Teile mit h\u00f6chster Pr\u00e4zision","description":"Profitieren Sie von unserer langj\u00e4hrigen Erfahrung und Expertise in der Teilefertigung. Wir bieten pr\u00e4zise gefertigte Teile f\u00fcr anspruchsvolle Anwendungen. Vertrauen Sie auf unsere Kompetenz und unser Know-how in der Fertigung von hochwertigen Teilen.","robots":{"index":"index","follow":"follow","max-snippet":"max-snippet:-1","max-image-preview":"max-image-preview:large","max-video-preview":"max-video-preview:-1"},"canonical":"https:\/\/www.brilliant-profitieren.de\/cms\/teilefertigung\/","twitter_card":"summary_large_image","twitter_title":"Kundenspezifische Teilefertigung: Wir realisieren Ihre individuellen Teile mit h\u00f6chster Pr\u00e4zision","twitter_description":"Profitieren Sie von unserer langj\u00e4hrigen Erfahrung und Expertise in der Teilefertigung. Wir bieten pr\u00e4zise gefertigte Teile f\u00fcr anspruchsvolle Anwendungen. Vertrauen Sie auf unsere Kompetenz und unser Know-how in der Fertigung von hochwertigen Teilen.","twitter_site":"@BrilliantProfi","twitter_misc":{"Gesch\u00e4tzte Lesezeit":"2\u00a0Minuten"},"schema":{"@context":"https:\/\/schema.org","@graph":[{"@type":"WebPage","@id":"https:\/\/www.brilliant-profitieren.de\/cms\/teilefertigung\/","url":"https:\/\/www.brilliant-profitieren.de\/cms\/teilefertigung\/","name":"Kundenspezifische Teilefertigung: Wir realisieren Ihre individuellen Teile mit h\u00f6chster Pr\u00e4zision","isPartOf":{"@id":"https:\/\/www.brilliant-profitieren.de\/cms\/#website"},"datePublished":"2023-03-15T15:47:13+00:00","dateModified":"2023-03-15T15:56:59+00:00","description":"Profitieren Sie von unserer langj\u00e4hrigen Erfahrung und Expertise in der Teilefertigung. Wir bieten pr\u00e4zise gefertigte Teile f\u00fcr anspruchsvolle Anwendungen. Vertrauen Sie auf unsere Kompetenz und unser Know-how in der Fertigung von hochwertigen Teilen.","breadcrumb":{"@id":"https:\/\/www.brilliant-profitieren.de\/cms\/teilefertigung\/#breadcrumb"},"inLanguage":"de","potentialAction":[{"@type":"ReadAction","target":["https:\/\/www.brilliant-profitieren.de\/cms\/teilefertigung\/"]}]},{"@type":"BreadcrumbList","@id":"https:\/\/www.brilliant-profitieren.de\/cms\/teilefertigung\/#breadcrumb","itemListElement":[{"@type":"ListItem","position":1,"name":"Startseite","item":"https:\/\/www.brilliant-profitieren.de\/cms\/"},{"@type":"ListItem","position":2,"name":"Teilefertigung"}]},{"@type":"WebSite","@id":"https:\/\/www.brilliant-profitieren.de\/cms\/#website","url":"https:\/\/www.brilliant-profitieren.de\/cms\/","name":"Brilliant-Profitieren - Systemlieferant M\u00fcnchen","description":"","publisher":{"@id":"https:\/\/www.brilliant-profitieren.de\/cms\/#organization"},"potentialAction":[{"@type":"SearchAction","target":{"@type":"EntryPoint","urlTemplate":"https:\/\/www.brilliant-profitieren.de\/cms\/?s={search_term_string}"},"query-input":"required name=search_term_string"}],"inLanguage":"de"},{"@type":"Organization","@id":"https:\/\/www.brilliant-profitieren.de\/cms\/#organization","name":"Brilliant Profitieren","alternateName":"Brilliant Profitieren - Systemlieferant - Rolf Weber","url":"https:\/\/www.brilliant-profitieren.de\/cms\/","logo":{"@type":"ImageObject","inLanguage":"de","@id":"https:\/\/www.brilliant-profitieren.de\/cms\/#\/schema\/logo\/image\/","url":"https:\/\/www.brilliant-profitieren.de\/cms\/wp-content\/uploads\/2022\/11\/Logo_BP-scaled.jpg","contentUrl":"https:\/\/www.brilliant-profitieren.de\/cms\/wp-content\/uploads\/2022\/11\/Logo_BP-scaled.jpg","width":2560,"height":1877,"caption":"Brilliant Profitieren"},"image":{"@id":"https:\/\/www.brilliant-profitieren.de\/cms\/#\/schema\/logo\/image\/"},"sameAs":["https:\/\/www.facebook.com\/BrilliantProfitieren\/","https:\/\/twitter.com\/BrilliantProfi"]}]}},"_links":{"self":[{"href":"https:\/\/www.brilliant-profitieren.de\/cms\/wp-json\/wp\/v2\/pages\/1926","targetHints":{"allow":["GET"]}}],"collection":[{"href":"https:\/\/www.brilliant-profitieren.de\/cms\/wp-json\/wp\/v2\/pages"}],"about":[{"href":"https:\/\/www.brilliant-profitieren.de\/cms\/wp-json\/wp\/v2\/types\/page"}],"author":[{"embeddable":true,"href":"https:\/\/www.brilliant-profitieren.de\/cms\/wp-json\/wp\/v2\/users\/1"}],"replies":[{"embeddable":true,"href":"https:\/\/www.brilliant-profitieren.de\/cms\/wp-json\/wp\/v2\/comments?post=1926"}],"version-history":[{"count":8,"href":"https:\/\/www.brilliant-profitieren.de\/cms\/wp-json\/wp\/v2\/pages\/1926\/revisions"}],"predecessor-version":[{"id":1937,"href":"https:\/\/www.brilliant-profitieren.de\/cms\/wp-json\/wp\/v2\/pages\/1926\/revisions\/1937"}],"wp:attachment":[{"href":"https:\/\/www.brilliant-profitieren.de\/cms\/wp-json\/wp\/v2\/media?parent=1926"}],"curies":[{"name":"wp","href":"https:\/\/api.w.org\/{rel}","templated":true}]}}