{"id":1605,"date":"2022-08-03T08:55:13","date_gmt":"2022-08-03T06:55:13","guid":{"rendered":"https:\/\/www.brilliant-profitieren.de\/cms\/lschanfrage\/"},"modified":"2022-08-03T08:58:15","modified_gmt":"2022-08-03T06:58:15","slug":"lschanfrage","status":"publish","type":"page","link":"https:\/\/www.brilliant-profitieren.de\/cms\/lschanfrage\/","title":{"rendered":"L&ouml;schanfrage"},"content":{"rendered":"<section id=\"bt_bb_section69f73160d9015\"  class=\"bt_bb_section bt_bb_layout_boxed_1200\"  data-bt-override-class=\"null\"><div class=\"bt_bb_port\"><div class=\"bt_bb_cell\"><div class=\"bt_bb_cell_inner\"><div class=\"bt_bb_row_wrapper\"><div  class=\"bt_bb_row\"  data-bt-override-class=\"{}\"><\/div><\/div><div class=\"bt_bb_row_wrapper\"><div  class=\"bt_bb_row\"  data-bt-override-class=\"{}\"><div  class=\"bt_bb_column col-xxl-12 col-xl-12 col-xs-12 col-sm-12 col-md-12 col-lg-12 bt_bb_vertical_align_top bt_bb_align_left bt_bb_padding_normal\"  data-width=\"12\" data-bt-override-class=\"{}\"><div class=\"bt_bb_column_content\"><div class=\"bt_bb_column_content_inner\"><div  class=\"bt_bb_text\" ><p><small><code>  <\/p>\n<div class=\"sp-dsgvo sp-unsubsribe-form\">\n<form method=\"post\" action=\"https:\/\/www.brilliant-profitieren.de\/cms\/wp-admin\/admin-ajax.php?action=super-unsubscribe\" >\n                <input type=\"hidden\" id=\"_wpnonce\" name=\"_wpnonce\" value=\"e316c0706a\" \/><input type=\"hidden\" name=\"_wp_http_referer\" value=\"\/cms\/wp-json\/wp\/v2\/pages\/1605\" \/>                <\/p>\n<fieldset>\n<div class=\"lwb-row\">\n<div class=\"lwb-col-3\">\n                            <label style=\"min-width:100px;\" for=\"email-field\">Vorname<\/label>\n                        <\/div>\n<div class=\"lwb-col-6\">\n                            <input class=\"w-100\" required type=\"text\" id=\"first-name-field\" name=\"first_name\" value=\"\" placeholder=\"Vorname\" spellcheck=\"false\" \/>\n                        <\/div>\n<\/p><\/div>\n<div class=\"lwb-row\">\n<div class=\"lwb-col-3\">\n                            <label for=\"email-field\">Nachname<\/label>\n                        <\/div>\n<div class=\"lwb-col-6\">\n                            <input class=\"w-100\" required type=\"text\" id=\"last-name-field\" name=\"last_name\" value=\"\" placeholder=\"Nachname\" spellcheck=\"false\" \/>\n                        <\/div>\n<\/p><\/div>\n<div class=\"lwb-row\">\n<div class=\"lwb-col-3\">\n                            <label for=\"email-field\">Email<\/label>\n                        <\/div>\n<div class=\"lwb-col-6\">\n                   \t\t\t <input class=\"w-100\" required type=\"email\" id=\"email-field\" name=\"email\" value=\"\" placeholder=\"Email\" spellcheck=\"false\" \/>\n\t\t\t\t\t\t<\/div>\n<\/p><\/div>\n<div class=\"lwb-row form-row-website-cap\">\n<div class=\"lwb-col-3\">\n                            <label for=\"email-field\">Webseite<\/label>\n                        <\/div>\n<div class=\"lwb-col-6\">\n                            <input class=\"w-100\" type=\"text\" id=\"website\" name=\"website\" value=\"\" placeholder=\"\" spellcheck=\"false\" \/>\n                        <\/div>\n<\/p><\/div>\n<div class=\"lwb-row\">\n<div class=\"lwb-col\">\n                    \t\t<label for=\"dsgvo-checkbox\"><br \/>\n                   \t\t\t \t<input required type=\"checkbox\" id=\"dsgvo-checkbox\" name=\"dsgvo_checkbox\" value=\"1\" \/><br \/>\n                                                   \t\t\t \t<span style=\"font-weight:normal\">Ich stimme der Speicherung der Daten zur Verarbeitung im Sinne der DSGVO zu.<\/span><br \/>\n                   \t\t\t <\/label>\n\t\t\t\t\t\t<\/div>\n<\/p><\/div>\n<p>\n                    <input type=\"submit\" value=\"L\u00f6schanfrage senden\" \/><br \/>\n                <\/fieldset>\n<\/p><\/form>\n<\/p><\/div>\n<p>            <\/code><\/small><\/p>\n<\/div><\/div><\/div><\/div><\/div><\/div><\/div><\/div><\/div><\/section>","protected":false},"excerpt":{"rendered":"","protected":false},"author":1,"featured_media":0,"parent":0,"menu_order":0,"comment_status":"closed","ping_status":"closed","template":"","meta":{"footnotes":""},"class_list":["post-1605","page","type-page","status-publish","hentry"],"yoast_head":"<!-- This site is optimized with the Yoast SEO Premium plugin v21.3 (Yoast SEO v21.3) - https:\/\/yoast.com\/wordpress\/plugins\/seo\/ -->\n<title>L\u00f6schanfrage<\/title>\n<meta name=\"description\" content=\"L\u00f6schanfrage\" \/>\n<meta name=\"robots\" content=\"index, follow, max-snippet:-1, max-image-preview:large, max-video-preview:-1\" \/>\n<link rel=\"canonical\" href=\"https:\/\/www.brilliant-profitieren.de\/cms\/lschanfrage\/\" \/>\n<meta name=\"twitter:card\" content=\"summary_large_image\" \/>\n<meta name=\"twitter:title\" content=\"L\u00f6schanfrage\" \/>\n<meta name=\"twitter:description\" content=\"L\u00f6schanfrage\" \/>\n<meta name=\"twitter:site\" content=\"@BrilliantProfi\" \/>\n<meta name=\"twitter:label1\" content=\"Gesch\u00e4tzte Lesezeit\" \/>\n\t<meta name=\"twitter:data1\" content=\"1\u00a0Minute\" \/>\n<script type=\"application\/ld+json\" class=\"yoast-schema-graph\">{\"@context\":\"https:\/\/schema.org\",\"@graph\":[{\"@type\":\"WebPage\",\"@id\":\"https:\/\/www.brilliant-profitieren.de\/cms\/lschanfrage\/\",\"url\":\"https:\/\/www.brilliant-profitieren.de\/cms\/lschanfrage\/\",\"name\":\"L\u00f6schanfrage\",\"isPartOf\":{\"@id\":\"https:\/\/www.brilliant-profitieren.de\/cms\/#website\"},\"datePublished\":\"2022-08-03T06:55:13+00:00\",\"dateModified\":\"2022-08-03T06:58:15+00:00\",\"description\":\"L\u00f6schanfrage\",\"breadcrumb\":{\"@id\":\"https:\/\/www.brilliant-profitieren.de\/cms\/lschanfrage\/#breadcrumb\"},\"inLanguage\":\"de\",\"potentialAction\":[{\"@type\":\"ReadAction\",\"target\":[\"https:\/\/www.brilliant-profitieren.de\/cms\/lschanfrage\/\"]}]},{\"@type\":\"BreadcrumbList\",\"@id\":\"https:\/\/www.brilliant-profitieren.de\/cms\/lschanfrage\/#breadcrumb\",\"itemListElement\":[{\"@type\":\"ListItem\",\"position\":1,\"name\":\"Startseite\",\"item\":\"https:\/\/www.brilliant-profitieren.de\/cms\/\"},{\"@type\":\"ListItem\",\"position\":2,\"name\":\"L&ouml;schanfrage\"}]},{\"@type\":\"WebSite\",\"@id\":\"https:\/\/www.brilliant-profitieren.de\/cms\/#website\",\"url\":\"https:\/\/www.brilliant-profitieren.de\/cms\/\",\"name\":\"Brilliant-Profitieren - Systemlieferant M\u00fcnchen\",\"description\":\"\",\"publisher\":{\"@id\":\"https:\/\/www.brilliant-profitieren.de\/cms\/#organization\"},\"potentialAction\":[{\"@type\":\"SearchAction\",\"target\":{\"@type\":\"EntryPoint\",\"urlTemplate\":\"https:\/\/www.brilliant-profitieren.de\/cms\/?s={search_term_string}\"},\"query-input\":\"required name=search_term_string\"}],\"inLanguage\":\"de\"},{\"@type\":\"Organization\",\"@id\":\"https:\/\/www.brilliant-profitieren.de\/cms\/#organization\",\"name\":\"Brilliant Profitieren\",\"alternateName\":\"Brilliant Profitieren - Systemlieferant - Rolf Weber\",\"url\":\"https:\/\/www.brilliant-profitieren.de\/cms\/\",\"logo\":{\"@type\":\"ImageObject\",\"inLanguage\":\"de\",\"@id\":\"https:\/\/www.brilliant-profitieren.de\/cms\/#\/schema\/logo\/image\/\",\"url\":\"https:\/\/www.brilliant-profitieren.de\/cms\/wp-content\/uploads\/2022\/11\/Logo_BP-scaled.jpg\",\"contentUrl\":\"https:\/\/www.brilliant-profitieren.de\/cms\/wp-content\/uploads\/2022\/11\/Logo_BP-scaled.jpg\",\"width\":2560,\"height\":1877,\"caption\":\"Brilliant Profitieren\"},\"image\":{\"@id\":\"https:\/\/www.brilliant-profitieren.de\/cms\/#\/schema\/logo\/image\/\"},\"sameAs\":[\"https:\/\/www.facebook.com\/BrilliantProfitieren\/\",\"https:\/\/twitter.com\/BrilliantProfi\"]}]}<\/script>\n<!-- \/ Yoast SEO Premium plugin. -->","yoast_head_json":{"title":"L\u00f6schanfrage","description":"L\u00f6schanfrage","robots":{"index":"index","follow":"follow","max-snippet":"max-snippet:-1","max-image-preview":"max-image-preview:large","max-video-preview":"max-video-preview:-1"},"canonical":"https:\/\/www.brilliant-profitieren.de\/cms\/lschanfrage\/","twitter_card":"summary_large_image","twitter_title":"L\u00f6schanfrage","twitter_description":"L\u00f6schanfrage","twitter_site":"@BrilliantProfi","twitter_misc":{"Gesch\u00e4tzte Lesezeit":"1\u00a0Minute"},"schema":{"@context":"https:\/\/schema.org","@graph":[{"@type":"WebPage","@id":"https:\/\/www.brilliant-profitieren.de\/cms\/lschanfrage\/","url":"https:\/\/www.brilliant-profitieren.de\/cms\/lschanfrage\/","name":"L\u00f6schanfrage","isPartOf":{"@id":"https:\/\/www.brilliant-profitieren.de\/cms\/#website"},"datePublished":"2022-08-03T06:55:13+00:00","dateModified":"2022-08-03T06:58:15+00:00","description":"L\u00f6schanfrage","breadcrumb":{"@id":"https:\/\/www.brilliant-profitieren.de\/cms\/lschanfrage\/#breadcrumb"},"inLanguage":"de","potentialAction":[{"@type":"ReadAction","target":["https:\/\/www.brilliant-profitieren.de\/cms\/lschanfrage\/"]}]},{"@type":"BreadcrumbList","@id":"https:\/\/www.brilliant-profitieren.de\/cms\/lschanfrage\/#breadcrumb","itemListElement":[{"@type":"ListItem","position":1,"name":"Startseite","item":"https:\/\/www.brilliant-profitieren.de\/cms\/"},{"@type":"ListItem","position":2,"name":"L&ouml;schanfrage"}]},{"@type":"WebSite","@id":"https:\/\/www.brilliant-profitieren.de\/cms\/#website","url":"https:\/\/www.brilliant-profitieren.de\/cms\/","name":"Brilliant-Profitieren - Systemlieferant M\u00fcnchen","description":"","publisher":{"@id":"https:\/\/www.brilliant-profitieren.de\/cms\/#organization"},"potentialAction":[{"@type":"SearchAction","target":{"@type":"EntryPoint","urlTemplate":"https:\/\/www.brilliant-profitieren.de\/cms\/?s={search_term_string}"},"query-input":"required name=search_term_string"}],"inLanguage":"de"},{"@type":"Organization","@id":"https:\/\/www.brilliant-profitieren.de\/cms\/#organization","name":"Brilliant Profitieren","alternateName":"Brilliant Profitieren - Systemlieferant - Rolf Weber","url":"https:\/\/www.brilliant-profitieren.de\/cms\/","logo":{"@type":"ImageObject","inLanguage":"de","@id":"https:\/\/www.brilliant-profitieren.de\/cms\/#\/schema\/logo\/image\/","url":"https:\/\/www.brilliant-profitieren.de\/cms\/wp-content\/uploads\/2022\/11\/Logo_BP-scaled.jpg","contentUrl":"https:\/\/www.brilliant-profitieren.de\/cms\/wp-content\/uploads\/2022\/11\/Logo_BP-scaled.jpg","width":2560,"height":1877,"caption":"Brilliant Profitieren"},"image":{"@id":"https:\/\/www.brilliant-profitieren.de\/cms\/#\/schema\/logo\/image\/"},"sameAs":["https:\/\/www.facebook.com\/BrilliantProfitieren\/","https:\/\/twitter.com\/BrilliantProfi"]}]}},"_links":{"self":[{"href":"https:\/\/www.brilliant-profitieren.de\/cms\/wp-json\/wp\/v2\/pages\/1605","targetHints":{"allow":["GET"]}}],"collection":[{"href":"https:\/\/www.brilliant-profitieren.de\/cms\/wp-json\/wp\/v2\/pages"}],"about":[{"href":"https:\/\/www.brilliant-profitieren.de\/cms\/wp-json\/wp\/v2\/types\/page"}],"author":[{"embeddable":true,"href":"https:\/\/www.brilliant-profitieren.de\/cms\/wp-json\/wp\/v2\/users\/1"}],"replies":[{"embeddable":true,"href":"https:\/\/www.brilliant-profitieren.de\/cms\/wp-json\/wp\/v2\/comments?post=1605"}],"version-history":[{"count":3,"href":"https:\/\/www.brilliant-profitieren.de\/cms\/wp-json\/wp\/v2\/pages\/1605\/revisions"}],"predecessor-version":[{"id":1610,"href":"https:\/\/www.brilliant-profitieren.de\/cms\/wp-json\/wp\/v2\/pages\/1605\/revisions\/1610"}],"wp:attachment":[{"href":"https:\/\/www.brilliant-profitieren.de\/cms\/wp-json\/wp\/v2\/media?parent=1605"}],"curies":[{"name":"wp","href":"https:\/\/api.w.org\/{rel}","templated":true}]}}